{"id":12,"date":"2023-05-12T11:59:51","date_gmt":"2023-05-12T14:59:51","guid":{"rendered":"https:\/\/senadoer.gob.ar\/construir-comunidad\/?page_id=12"},"modified":"2023-05-12T12:01:05","modified_gmt":"2023-05-12T15:01:05","slug":"programa","status":"publish","type":"page","link":"https:\/\/senadoer.gob.ar\/construir-comunidad\/programa\/","title":{"rendered":"Programa"},"content":{"rendered":"<div class=\"entry-content\">\n<h2>Objetivos<\/h2>\n<p>El objetivo del Programa de Fortalecimiento a Instituciones de la Sociedad Civil es acompa\u00f1ar de manera integral y evolutiva a las organizaciones para que cada una pueda crecer sustentablemente sin perder el foco social que es su raz\u00f3n se ser.<\/p>\n<p>A la vez, co-crear redes inter institucionales para generar un mayor impacto.<\/p>\n<p>Promover la integraci\u00f3n del Estado con la Sociedad Civil a trav\u00e9s de la implementaci\u00f3n de pol\u00edticas para el desarrollo de proyectos comunitarios.<\/p>\n<\/div>\n","protected":false},"excerpt":{"rendered":"<p>Objetivos El objetivo del Programa de Fortalecimiento a Instituciones de la Sociedad Civil es acompa\u00f1ar de manera integral y evolutiva a las organizaciones para que cada una pueda crecer sustentablemente sin perder el foco social que es su raz\u00f3n se ser. A la vez, co-crear redes inter institucionales para generar un mayor impacto. Promover la [&hellip;]<\/p>\n","protected":false},"author":1,"featured_media":0,"parent":0,"menu_order":0,"comment_status":"closed","ping_status":"closed","template":"","meta":{"_acf_changed":false,"footnotes":""},"class_list":["post-12","page","type-page","status-publish","hentry"],"acf":[],"_links":{"self":[{"href":"https:\/\/senadoer.gob.ar\/construir-comunidad\/wp-json\/wp\/v2\/pages\/12","targetHints":{"allow":["GET"]}}],"collection":[{"href":"https:\/\/senadoer.gob.ar\/construir-comunidad\/wp-json\/wp\/v2\/pages"}],"about":[{"href":"https:\/\/senadoer.gob.ar\/construir-comunidad\/wp-json\/wp\/v2\/types\/page"}],"author":[{"embeddable":true,"href":"https:\/\/senadoer.gob.ar\/construir-comunidad\/wp-json\/wp\/v2\/users\/1"}],"replies":[{"embeddable":true,"href":"https:\/\/senadoer.gob.ar\/construir-comunidad\/wp-json\/wp\/v2\/comments?post=12"}],"version-history":[{"count":2,"href":"https:\/\/senadoer.gob.ar\/construir-comunidad\/wp-json\/wp\/v2\/pages\/12\/revisions"}],"predecessor-version":[{"id":18,"href":"https:\/\/senadoer.gob.ar\/construir-comunidad\/wp-json\/wp\/v2\/pages\/12\/revisions\/18"}],"wp:attachment":[{"href":"https:\/\/senadoer.gob.ar\/construir-comunidad\/wp-json\/wp\/v2\/media?parent=12"}],"curies":[{"name":"wp","href":"https:\/\/api.w.org\/{rel}","templated":true}]}}